{"id":169,"date":"2019-01-29T12:45:54","date_gmt":"2019-01-29T12:45:54","guid":{"rendered":"http:\/\/bslea.eu\/?page_id=169"},"modified":"2019-01-29T12:45:54","modified_gmt":"2019-01-29T12:45:54","slug":"despre-revista","status":"publish","type":"page","link":"https:\/\/bslea.eu\/index.php\/despre-revista\/","title":{"rendered":"Despre revist\u0103"},"content":{"rendered":"<p style=\"text-align: justify;\"><strong>Bulletin Scientifique en Langues Etrang\u00e8res Appliqu\u00e9es (BSLEA) <\/strong>este o revist\u0103 dedicat\u0103 studen\u021bilor Universit\u0103\u021bii din Pite\u0219ti, care apare sub coordonarea Departamentului de Limbi Str\u0103ine Aplicate (LSA)\u00a0 al Facult\u0103\u021bii de Teologie, Litere, Istorie \u0219i Arte.<\/p>\n<p style=\"text-align: justify;\">Revista, a c\u0103rei apari\u021bie este anual\u0103, se adreseaz\u0103 tuturor studen\u021bilor de la specializ\u0103rile filologice \u0219i nefilologice din UPIT \u0219i con\u021bine lucr\u0103rile sus\u021binute \u00een cadrul Sesiunii de Comunic\u0103ri \u0218tiin\u021bifice Studen\u021be\u0219ti organizate de\u00a0 c\u0103tre Departamentul LSA.<\/p>\n<p style=\"text-align: justify;\">Obiectivul principal al revistei este acela de a stimula \u0219i promova cercetarea \u0219tiin\u021bific\u0103 \u00een r\u00e2ndul studen\u021bilor din \u00eentreaga universitate, at\u00e2t \u00een domeniul limbilor francez\u0103 \u0219i englez\u0103 ca limbi str\u0103ine (FLE, EFL), c\u00e2t \u0219i \u00een domeniul limbilor francez\u0103 \u0219i englez\u0103 pentru obiective specifice (FOS, ESP)<\/p>\n<p style=\"text-align: justify;\">\n<p style=\"text-align: justify;\"><strong>Sec\u021biuni<\/strong><\/p>\n<p style=\"text-align: justify;\"><strong>Limba francez\u0103 contemporan\u0103 pentru obiective specifice; Cultur\u0103 \u0219i civiliza\u021bie francez\u0103 \u0219i francofon\u0103. Limbaje de specialitate \u2013 francez\u0103<\/strong><\/p>\n<p style=\"text-align: justify;\"><strong>Limba englez\u0103 contemporan\u0103 pentru obiective specifice; Cultur\u0103 \u0219i civiliza\u021bie britanic\u0103 \u0219i american\u0103. Limbaje de specialitate \u2013 englez\u0103<\/strong><\/p>\n","protected":false},"excerpt":{"rendered":"<p>Bulletin Scientifique en Langues Etrang\u00e8res Appliqu\u00e9es (BSLEA) este o revist\u0103 dedicat\u0103 studen\u021bilor Universit\u0103\u021bii din Pite\u0219ti, care apare sub coordonarea Departamentului de Limbi Str\u0103ine Aplicate (LSA)\u00a0 al Facult\u0103\u021bii de Teologie, Litere, Istorie \u0219i Arte. Revista, a c\u0103rei apari\u021bie este anual\u0103, se adreseaz\u0103 tuturor studen\u021bilor de la specializ\u0103rile filologice \u0219i nefilologice din UPIT \u0219i con\u021bine lucr\u0103rile sus\u021binute&hellip; <a href=\"https:\/\/bslea.eu\/index.php\/despre-revista\/\" class=\"more-link\">Read more <span class=\"screen-reader-text\">Despre revist\u0103<\/span><\/a><\/p>\n","protected":false},"author":1,"featured_media":0,"parent":0,"menu_order":0,"comment_status":"closed","ping_status":"closed","template":"","meta":{"footnotes":""},"_links":{"self":[{"href":"https:\/\/bslea.eu\/index.php\/wp-json\/wp\/v2\/pages\/169"}],"collection":[{"href":"https:\/\/bslea.eu\/index.php\/wp-json\/wp\/v2\/pages"}],"about":[{"href":"https:\/\/bslea.eu\/index.php\/wp-json\/wp\/v2\/types\/page"}],"author":[{"embeddable":true,"href":"https:\/\/bslea.eu\/index.php\/wp-json\/wp\/v2\/users\/1"}],"replies":[{"embeddable":true,"href":"https:\/\/bslea.eu\/index.php\/wp-json\/wp\/v2\/comments?post=169"}],"version-history":[{"count":1,"href":"https:\/\/bslea.eu\/index.php\/wp-json\/wp\/v2\/pages\/169\/revisions"}],"predecessor-version":[{"id":170,"href":"https:\/\/bslea.eu\/index.php\/wp-json\/wp\/v2\/pages\/169\/revisions\/170"}],"wp:attachment":[{"href":"https:\/\/bslea.eu\/index.php\/wp-json\/wp\/v2\/media?parent=169"}],"curies":[{"name":"wp","href":"https:\/\/api.w.org\/{rel}","templated":true}]}}