{"id":208,"date":"2019-02-01T14:58:41","date_gmt":"2019-02-01T14:58:41","guid":{"rendered":"http:\/\/bslea.eu\/?page_id=208"},"modified":"2019-02-07T09:01:04","modified_gmt":"2019-02-07T09:01:04","slug":"acasa","status":"publish","type":"page","link":"https:\/\/bslea.eu\/","title":{"rendered":"Acas\u0103"},"content":{"rendered":"<p style=\"text-align: center;\"><strong>BSLEA<\/strong><\/p>\n<p style=\"text-align: center;\"><strong><em>Bulletin scientifique <\/em><\/strong><strong><em>en langues \u00e9trang\u00e8res appliqu\u00e9es<\/em><\/strong><\/p>\n<p style=\"text-align: center;\">\n<p class=\"Default\" style=\"text-align: center;\"><b><span style=\"font-size: 14.0pt; font-family: 'Times New Roman','serif';\">ISSN 2668-0793<\/span><\/b><\/p>\n<p class=\"Default\" style=\"text-align: center;\"><b><span style=\"font-size: 14.0pt; font-family: 'Times New Roman','serif';\"> ISSN-L 2668-0793 <\/span><\/b><\/p>\n<p style=\"text-align: center;\"><strong>Apari\u021bie anual\u0103<\/strong><\/p>\n<p style=\"text-align: justify;\"><strong><b>Bulletin Scientifique en Langues Etrang\u00e8res Appliqu\u00e9es (BSLEA) <\/b><\/strong>este o revist\u0103 care se adreseaz\u0103 tuturor studen\u021bilor de la specializ\u0103rile filologice \u0219i nefilologice din Universitatea din Pite\u0219ti, urm\u0103rind stimularea \u0219i promovarea\u00a0 cercet\u0103rii \u0219tiin\u021bifice \u00een r\u00e2ndul acestora, at\u00e2t \u00een domeniul limbilor francez\u0103 \u0219i englez\u0103 ca limbi str\u0103ine (FLE, EFL), c\u00e2t \u0219i \u00een domeniul limbilor francez\u0103 \u0219i englez\u0103 pentru obiective specifice (FOS, ESP).<\/p>\n<p class=\"Default\"><span style=\"font-size: 14.0pt; font-family: 'Times New Roman','serif'; color: windowtext;\">\u00a0<\/span><\/p>\n<p>&nbsp;<\/p>\n<p class=\"Default\"><span style=\"font-family: 'Times New Roman','serif'; color: windowtext;\">\u00a0<\/span><\/p>\n","protected":false},"excerpt":{"rendered":"<p>BSLEA Bulletin scientifique en langues \u00e9trang\u00e8res appliqu\u00e9es ISSN 2668-0793 ISSN-L 2668-0793 Apari\u021bie anual\u0103 Bulletin Scientifique en Langues Etrang\u00e8res Appliqu\u00e9es (BSLEA) este o revist\u0103 care se adreseaz\u0103 tuturor studen\u021bilor de la specializ\u0103rile filologice \u0219i nefilologice din Universitatea din Pite\u0219ti, urm\u0103rind stimularea \u0219i promovarea\u00a0 cercet\u0103rii \u0219tiin\u021bifice \u00een r\u00e2ndul acestora, at\u00e2t \u00een domeniul limbilor francez\u0103 \u0219i englez\u0103 ca&hellip; <a href=\"https:\/\/bslea.eu\/\" class=\"more-link\">Read more <span class=\"screen-reader-text\">Acas\u0103<\/span><\/a><\/p>\n","protected":false},"author":1,"featured_media":0,"parent":0,"menu_order":0,"comment_status":"closed","ping_status":"closed","template":"","meta":{"footnotes":""},"_links":{"self":[{"href":"https:\/\/bslea.eu\/index.php\/wp-json\/wp\/v2\/pages\/208"}],"collection":[{"href":"https:\/\/bslea.eu\/index.php\/wp-json\/wp\/v2\/pages"}],"about":[{"href":"https:\/\/bslea.eu\/index.php\/wp-json\/wp\/v2\/types\/page"}],"author":[{"embeddable":true,"href":"https:\/\/bslea.eu\/index.php\/wp-json\/wp\/v2\/users\/1"}],"replies":[{"embeddable":true,"href":"https:\/\/bslea.eu\/index.php\/wp-json\/wp\/v2\/comments?post=208"}],"version-history":[{"count":2,"href":"https:\/\/bslea.eu\/index.php\/wp-json\/wp\/v2\/pages\/208\/revisions"}],"predecessor-version":[{"id":216,"href":"https:\/\/bslea.eu\/index.php\/wp-json\/wp\/v2\/pages\/208\/revisions\/216"}],"wp:attachment":[{"href":"https:\/\/bslea.eu\/index.php\/wp-json\/wp\/v2\/media?parent=208"}],"curies":[{"name":"wp","href":"https:\/\/api.w.org\/{rel}","templated":true}]}}